{"id":1486,"date":"2022-11-08T16:41:31","date_gmt":"2022-11-08T15:41:31","guid":{"rendered":"https:\/\/lanipsebooks.com\/sobre-mi\/"},"modified":"2025-09-15T12:44:20","modified_gmt":"2025-09-15T10:44:20","slug":"sobre-mi","status":"publish","type":"page","link":"https:\/\/lanipsebooks.com\/ca\/sobre-mi\/","title":{"rendered":"Sobre mi"},"content":{"rendered":"\n<div class=\"wp-block-uagb-container uagb-block-6c9975bb alignfull uagb-is-root-container\"><div class=\"uagb-container-inner-blocks-wrap\">\n<div class=\"wp-block-uagb-container uagb-block-82d7b35f\"><style>.kb-image_a99025-e1 .kb-image-has-overlay:after{opacity:0.3;}<\/style>\n<figure class=\"wp-block-kadence-image kb-image_a99025-e1 size-full\" data-aos=\"fade\" data-aos-duration=\"1550\"><img loading=\"lazy\" decoding=\"async\" width=\"800\" height=\"796\" src=\"https:\/\/lanipsebooks.com\/wp-content\/uploads\/2022\/12\/juan-espinal.jpg\" alt=\"\" class=\"kb-img wp-image-1144\" srcset=\"https:\/\/lanipsebooks.com\/wp-content\/uploads\/2022\/12\/juan-espinal.jpg 800w, https:\/\/lanipsebooks.com\/wp-content\/uploads\/2022\/12\/juan-espinal-300x300.jpg 300w, https:\/\/lanipsebooks.com\/wp-content\/uploads\/2022\/12\/juan-espinal-150x150.jpg 150w, https:\/\/lanipsebooks.com\/wp-content\/uploads\/2022\/12\/juan-espinal-768x764.jpg 768w, https:\/\/lanipsebooks.com\/wp-content\/uploads\/2022\/12\/juan-espinal-500x498.jpg 500w\" sizes=\"auto, (max-width: 800px) 100vw, 800px\" \/><\/figure>\n\n\n\n<div class=\"wp-block-uagb-blockquote uagb-block-4871ec67 uagb-blockquote__skin-border uagb-blockquote__stack-img-none\"><blockquote class=\"uagb-blockquote\"><div class=\"uagb-blockquote__content\">\u201cUt Pictora Poesis\u201d<\/div><footer><div class=\"uagb-blockquote__author-wrap uagb-blockquote__author-at-left\"><cite class=\"uagb-blockquote__author\">Quint Horaci Flac<\/cite><\/div><\/footer><\/blockquote><\/div>\n<\/div>\n\n\n\n<div class=\"wp-block-uagb-container uagb-block-cc92ef20\">\n<div class=\"wp-block-uagb-advanced-heading uagb-block-effc6c1f\"><h1 class=\"uagb-heading-text\">Sobre mi<\/h1><div class=\"uagb-separator\"><\/div><p class=\"uagb-desc-text\">M\u00e9s de 30 anys al sector editorial exercint tots els c\u00e0rrecs de responsabilitat possibles em proporcionen la seguretat i confian\u00e7a per presentar LANIPSEBOOKS, la web que assessorar\u00e0 i guiar\u00e0 tot col\u00b7leccionista amant dels llibres il\u00b7lustrats per grans artistes dels segles XX i XXI en la recerca i adquisici\u00f3 de les obres del seu inter\u00e8s.<br\/><br\/>La vocaci\u00f3 de servei i l&#8217;honestedat s\u00f3n les meves millors credencials a l&#8217;hora de presentar-me i haver aconseguit que col\u00b7leccionistes de tot el m\u00f3n dipositin en mi la confian\u00e7a per enriquir la seva biblioteca, proporcionant-los aquells exemplars rars, exclusius o de recent edici\u00f3 limitada que provenen de col\u00b7leccions particulars o acords comercials que tinc establerts amb editorials.<br\/><br\/>Lanipsebooks atendr\u00e0 amb molt d&#8217;inter\u00e8s aquelles propostes de cerca de qualsevol persona o entitat que vulgui informaci\u00f3 sobre llibres il\u00b7lustrats tant per artistes esmentats a la web, com altres del seu particular inter\u00e8s, respectant sempre que l&#8217;obra estigui completa i en les millors condicions possibles, en cas que no sigui una obra d&#8217;edici\u00f3 recent.<br\/><br\/>La meva col\u00b7laboraci\u00f3 amb diferents professionals de la restauraci\u00f3, enquadernaci\u00f3 i conservaci\u00f3 de llibres garanteix la cuidada presentaci\u00f3 i posterior lliurament que es realitzar\u00e0 personalment si calgu\u00e9s o mitjan\u00e7ant empresa de transport acreditada i valor assegurat.<\/p><\/div>\n\n\n\n<div class=\"wp-block-uagb-advanced-heading uagb-block-fa165a3c\"><h3 class=\"uagb-heading-text\"><strong>Juan Espinal<\/strong><\/h3><p class=\"uagb-desc-text\">Director de Lanipsebooks<\/p><\/div>\n<\/div>\n<\/div><\/div>\n\n<p><\/p>\n","protected":false},"excerpt":{"rendered":"<p>Sobre mi M\u00e9s de 30 anys al sector editorial exercint tots els c\u00e0rrecs de responsabilitat possibles em proporcionen la seguretat i confian\u00e7a per presentar LANIPSEBOOKS, la web que assessorar\u00e0 i guiar\u00e0 tot col\u00b7leccionista amant dels llibres il\u00b7lustrats per grans artistes dels segles XX i XXI en la recerca i adquisici\u00f3 de les obres del seu [&hellip;]<\/p>\n","protected":false},"author":1,"featured_media":0,"parent":0,"menu_order":0,"comment_status":"closed","ping_status":"closed","template":"","meta":{"_seopress_robots_primary_cat":"","_seopress_titles_title":"Juan Espinal | Lanipsebooks","_seopress_titles_desc":"M\u00e9s de 30 anys al sector editorial. Col\u00b7laboraci\u00f3 amb professionals de la restauraci\u00f3, enquadernaci\u00f3 i conservaci\u00f3 de llibres dart. ","_seopress_robots_index":"","_uag_custom_page_level_css":"","_kad_blocks_custom_css":"","_kad_blocks_head_custom_js":"","_kad_blocks_body_custom_js":"","_kad_blocks_footer_custom_js":"","site-sidebar-layout":"no-sidebar","site-content-layout":"plain-container","ast-site-content-layout":"default","site-content-style":"default","site-sidebar-style":"default","ast-global-header-display":"","ast-banner-title-visibility":"","ast-main-header-display":"","ast-hfb-above-header-display":"","ast-hfb-below-header-display":"","ast-hfb-mobile-header-display":"","site-post-title":"disabled","ast-breadcrumbs-content":"","ast-featured-img":"","footer-sml-layout":"","ast-disable-related-posts":"","theme-transparent-header-meta":"","adv-header-id-meta":"","stick-header-meta":"","header-above-stick-meta":"","header-main-stick-meta":"","header-below-stick-meta":"","astra-migrate-meta-layouts":"default","ast-page-background-enabled":"default","ast-page-background-meta":{"desktop":{"background-color":"var(--ast-global-color-4)","background-image":"","background-repeat":"repeat","background-position":"center center","background-size":"auto","background-attachment":"scroll","background-type":"","background-media":"","overlay-type":"","overlay-color":"","overlay-opacity":"","overlay-gradient":""},"tablet":{"background-color":"","background-image":"","background-repeat":"repeat","background-position":"center center","background-size":"auto","background-attachment":"scroll","background-type":"","background-media":"","overlay-type":"","overlay-color":"","overlay-opacity":"","overlay-gradient":""},"mobile":{"background-color":"","background-image":"","background-repeat":"repeat","background-position":"center center","background-size":"auto","background-attachment":"scroll","background-type":"","background-media":"","overlay-type":"","overlay-color":"","overlay-opacity":"","overlay-gradient":""}},"ast-content-background-meta":{"desktop":{"background-color":"var(--ast-global-color-5)","background-image":"","background-repeat":"repeat","background-position":"center center","background-size":"auto","background-attachment":"scroll","background-type":"","background-media":"","overlay-type":"","overlay-color":"","overlay-opacity":"","overlay-gradient":""},"tablet":{"background-color":"var(--ast-global-color-5)","background-image":"","background-repeat":"repeat","background-position":"center center","background-size":"auto","background-attachment":"scroll","background-type":"","background-media":"","overlay-type":"","overlay-color":"","overlay-opacity":"","overlay-gradient":""},"mobile":{"background-color":"var(--ast-global-color-5)","background-image":"","background-repeat":"repeat","background-position":"center center","background-size":"auto","background-attachment":"scroll","background-type":"","background-media":"","overlay-type":"","overlay-color":"","overlay-opacity":"","overlay-gradient":""}},"_vp_format_video_url":"","_vp_image_focal_point":[],"footnotes":""},"class_list":["post-1486","page","type-page","status-publish","hentry"],"taxonomy_info":[],"featured_image_src_large":false,"author_info":{"display_name":"empiezapori","author_link":"https:\/\/lanipsebooks.com\/ca\/author\/empiezapori\/"},"comment_info":0,"uagb_featured_image_src":{"full":false,"thumbnail":false,"medium":false,"medium_large":false,"large":false,"1536x1536":false,"2048x2048":false,"vp_sm":false,"vp_md":false,"vp_lg":false,"vp_xl":false,"vp_sm_popup":false,"vp_md_popup":false,"vp_xl_popup":false},"uagb_author_info":{"display_name":"empiezapori","author_link":"https:\/\/lanipsebooks.com\/ca\/author\/empiezapori\/"},"uagb_comment_info":0,"uagb_excerpt":"Sobre mi M\u00e9s de 30 anys al sector editorial exercint tots els c\u00e0rrecs de responsabilitat possibles em proporcionen la seguretat i confian\u00e7a per presentar LANIPSEBOOKS, la web que assessorar\u00e0 i guiar\u00e0 tot col\u00b7leccionista amant dels llibres il\u00b7lustrats per grans artistes dels segles XX i XXI en la recerca i adquisici\u00f3 de les obres del seu&hellip;","_links":{"self":[{"href":"https:\/\/lanipsebooks.com\/ca\/wp-json\/wp\/v2\/pages\/1486","targetHints":{"allow":["GET"]}}],"collection":[{"href":"https:\/\/lanipsebooks.com\/ca\/wp-json\/wp\/v2\/pages"}],"about":[{"href":"https:\/\/lanipsebooks.com\/ca\/wp-json\/wp\/v2\/types\/page"}],"author":[{"embeddable":true,"href":"https:\/\/lanipsebooks.com\/ca\/wp-json\/wp\/v2\/users\/1"}],"replies":[{"embeddable":true,"href":"https:\/\/lanipsebooks.com\/ca\/wp-json\/wp\/v2\/comments?post=1486"}],"version-history":[{"count":3,"href":"https:\/\/lanipsebooks.com\/ca\/wp-json\/wp\/v2\/pages\/1486\/revisions"}],"predecessor-version":[{"id":1559,"href":"https:\/\/lanipsebooks.com\/ca\/wp-json\/wp\/v2\/pages\/1486\/revisions\/1559"}],"wp:attachment":[{"href":"https:\/\/lanipsebooks.com\/ca\/wp-json\/wp\/v2\/media?parent=1486"}],"curies":[{"name":"wp","href":"https:\/\/api.w.org\/{rel}","templated":true}]}}