{"id":1488,"date":"2022-04-02T06:23:12","date_gmt":"2022-04-02T04:23:12","guid":{"rendered":"https:\/\/lanipsebooks.com\/contacte\/"},"modified":"2025-09-15T12:26:54","modified_gmt":"2025-09-15T10:26:54","slug":"contacte","status":"publish","type":"page","link":"https:\/\/lanipsebooks.com\/ca\/contacte\/","title":{"rendered":"Contacte"},"content":{"rendered":"\n<div class=\"wp-block-uagb-container uagb-block-1ca62e2e alignfull uagb-is-root-container\"><div class=\"uagb-container-inner-blocks-wrap\">\n<div class=\"wp-block-uagb-advanced-heading uagb-block-c54ca2ca\"><h1 class=\"uagb-heading-text\">Contacte<\/h1><p class=\"uagb-desc-text\">A Lanipsebooks ens preocupem a oferir qualsevol llibre d&#8217;artista, edici\u00f3 facs\u00edmil, llibre il\u00b7lustrat, rar o joia bibliogr\u00e0fica que vulgueu.<br\/> Per aix\u00f2 necessitem que ompli el formulari de contacte indicant artista\/s preferit\/si rebr\u00e0 informaci\u00f3 d&#8217;aquells exemplars disponibles.<br\/> Si voleu citar algun artista en concret preguem que marqueu la casella \u201caltres\u201d i formuleu un breu comentari sobre el motiu de la vostra recerca.<\/p><\/div>\n<\/div><\/div>\n\n<div class=\"wp-block-uagb-container uagb-block-edd4c8c6 alignfull uagb-is-root-container\"><div class=\"uagb-container-inner-blocks-wrap\">\n<div class=\"wp-block-uagb-container uagb-block-c754061a\">\n<div class=\"wpcf7 no-js\" id=\"wpcf7-f1560-o1\" lang=\"ca\" dir=\"ltr\" data-wpcf7-id=\"1560\">\n<div class=\"screen-reader-response\"><p role=\"status\" aria-live=\"polite\" aria-atomic=\"true\"><\/p> <ul><\/ul><\/div>\n<form action=\"\/ca\/wp-json\/wp\/v2\/pages\/1488#wpcf7-f1560-o1\" method=\"post\" class=\"wpcf7-form init\" aria-label=\"Formulari de contacte\" novalidate=\"novalidate\" data-status=\"init\">\n<fieldset class=\"hidden-fields-container\"><input type=\"hidden\" name=\"_wpcf7\" value=\"1560\" \/><input type=\"hidden\" name=\"_wpcf7_version\" value=\"6.1.5\" \/><input type=\"hidden\" name=\"_wpcf7_locale\" value=\"ca\" \/><input type=\"hidden\" name=\"_wpcf7_unit_tag\" value=\"wpcf7-f1560-o1\" \/><input type=\"hidden\" name=\"_wpcf7_container_post\" value=\"0\" \/><input type=\"hidden\" name=\"_wpcf7_posted_data_hash\" value=\"\" \/><input type=\"hidden\" name=\"_wpcf7_recaptcha_response\" value=\"\" \/>\n<\/fieldset>\n<p><label> Nom*<br \/>\n<span class=\"wpcf7-form-control-wrap\" data-name=\"your-name\"><input size=\"40\" maxlength=\"400\" class=\"wpcf7-form-control wpcf7-text wpcf7-validates-as-required\" aria-required=\"true\" aria-invalid=\"false\" value=\"\" type=\"text\" name=\"your-name\" \/><\/span> <\/label>\n<\/p>\n<p><label> Tel\u00e8fon<br \/>\n<span class=\"wpcf7-form-control-wrap\" data-name=\"telefono\"><input size=\"40\" maxlength=\"400\" class=\"wpcf7-form-control wpcf7-tel wpcf7-text wpcf7-validates-as-tel\" aria-invalid=\"false\" value=\"\" type=\"tel\" name=\"telefono\" \/><\/span> <\/label>\n<\/p>\n<p><label> Correu electr\u00f2nic*<br \/>\n<span class=\"wpcf7-form-control-wrap\" data-name=\"your-email\"><input size=\"40\" maxlength=\"400\" class=\"wpcf7-form-control wpcf7-email wpcf7-validates-as-required wpcf7-text wpcf7-validates-as-email\" aria-required=\"true\" aria-invalid=\"false\" value=\"\" type=\"email\" name=\"your-email\" \/><\/span> <\/label>\n<\/p>\n<p>Quin artista\/s t'interessa\/n?*\n<\/p>\n<p><span class=\"wpcf7-form-control-wrap\" data-name=\"checkbox-333\"><span class=\"wpcf7-form-control wpcf7-checkbox\"><span class=\"wpcf7-list-item first\"><label><input type=\"checkbox\" name=\"checkbox-333[]\" value=\"Barcel\u00f3, Miquel\" \/><span class=\"wpcf7-list-item-label\">Barcel\u00f3, Miquel<\/span><\/label><\/span><span class=\"wpcf7-list-item\"><label><input type=\"checkbox\" name=\"checkbox-333[]\" value=\"Dal\u00ed, Salvador\" \/><span class=\"wpcf7-list-item-label\">Dal\u00ed, Salvador<\/span><\/label><\/span><span class=\"wpcf7-list-item\"><label><input type=\"checkbox\" name=\"checkbox-333[]\" value=\"Mir\u00f3, Joan\" \/><span class=\"wpcf7-list-item-label\">Mir\u00f3, Joan<\/span><\/label><\/span><span class=\"wpcf7-list-item\"><label><input type=\"checkbox\" name=\"checkbox-333[]\" value=\"Plensa, Jaume\" \/><span class=\"wpcf7-list-item-label\">Plensa, Jaume<\/span><\/label><\/span><span class=\"wpcf7-list-item\"><label><input type=\"checkbox\" name=\"checkbox-333[]\" value=\"T\u00e0pies, Antoni\" \/><span class=\"wpcf7-list-item-label\">T\u00e0pies, Antoni<\/span><\/label><\/span><span class=\"wpcf7-list-item\"><label><input type=\"checkbox\" name=\"checkbox-333[]\" value=\"Matisse, Henri\" \/><span class=\"wpcf7-list-item-label\">Matisse, Henri<\/span><\/label><\/span><span class=\"wpcf7-list-item\"><label><input type=\"checkbox\" name=\"checkbox-333[]\" value=\"Picasso, Pau\" \/><span class=\"wpcf7-list-item-label\">Picasso, Pau<\/span><\/label><\/span><span class=\"wpcf7-list-item\"><label><input type=\"checkbox\" name=\"checkbox-333[]\" value=\"Braque, Georges\" \/><span class=\"wpcf7-list-item-label\">Braque, Georges<\/span><\/label><\/span><span class=\"wpcf7-list-item\"><label><input type=\"checkbox\" name=\"checkbox-333[]\" value=\"Giacometti, Alberto\" \/><span class=\"wpcf7-list-item-label\">Giacometti, Alberto<\/span><\/label><\/span><span class=\"wpcf7-list-item last\"><label><input type=\"checkbox\" name=\"checkbox-333[]\" value=\"Altres\" \/><span class=\"wpcf7-list-item-label\">Altres<\/span><\/label><\/span><\/span><\/span>\n<\/p>\n<p><label> El teu missatge*<br \/>\n<span class=\"wpcf7-form-control-wrap\" data-name=\"your-message\"><textarea cols=\"40\" rows=\"10\" maxlength=\"2000\" class=\"wpcf7-form-control wpcf7-textarea wpcf7-validates-as-required\" aria-required=\"true\" aria-invalid=\"false\" name=\"your-message\"><\/textarea><\/span> <\/label>\n<\/p>\n<p>*Camps obligatoris\n<\/p>\n<p><span style=\"font-size: 11px;\"><br \/>\nINFORMACI\u00d3 PROTECCI\u00d3 DE DADES DE LANIPSEBOOKS<br \/>\nFinalitats: Respondre a les vostres sol\u00b7licituds i remetre informaci\u00f3 comercial sobre els nostres productes i exemplars disponibles, fins i tot per mitjans electr\u00f2nics. Drets: Podeu retirar el vostre consentiment en qualsevol moment, aix\u00ed com accedir, rectificar, suprimir les vostres dades i altres drets a info@lanipsebooks.com. Informaci\u00f3 Addicional: Podeu ampliar la informaci\u00f3 a l'enlla\u00e7 de <a href=\"https:\/\/lanipsebooks.com\/politica-de-privacidad\/\" target=\"_blank\">Pol\u00edtica de Privadesa<\/a> . <\/span>\n<\/p>\n<p><span class=\"wpcf7-form-control-wrap\" data-name=\"checkbox-959\"><span class=\"wpcf7-form-control wpcf7-checkbox\"><span class=\"wpcf7-list-item first last\"><label><input type=\"checkbox\" name=\"checkbox-959[]\" value=\"Accepto rebre informaci\u00f3 comercial, fins i tot per mitjans electr\u00f2nics.\" \/><span class=\"wpcf7-list-item-label\">Accepto rebre informaci\u00f3 comercial, fins i tot per mitjans electr\u00f2nics.<\/span><\/label><\/span><\/span><\/span><br \/>\n<span class=\"wpcf7-form-control-wrap\" data-name=\"acceptance-2\"><span class=\"wpcf7-form-control wpcf7-acceptance\"><span class=\"wpcf7-list-item\"><label><input type=\"checkbox\" name=\"acceptance-2\" value=\"1\" aria-invalid=\"false\" \/><span class=\"wpcf7-list-item-label\">He llegit i accepto la <a href=\"https:\/\/lanipsebooks.com\/politica-de-privacidad\/\" target=\"_blank\">Pol\u00edtica de Privadesa*<\/a><\/span><\/label><\/span><\/span><\/span>\n<\/p>\n<p><input class=\"wpcf7-form-control wpcf7-submit has-spinner\" type=\"submit\" value=\"Enviar\" \/>\n<\/p><div class=\"wpcf7-response-output\" aria-hidden=\"true\"><\/div>\n<\/form>\n<\/div>\n\n<\/div>\n\n\n\n<div class=\"wp-block-uagb-container uagb-block-9eb852e1\">\n<div class=\"wp-block-uagb-blockquote uagb-block-48bcb784 uagb-blockquote__skin-border uagb-blockquote__stack-img-none\"><blockquote class=\"uagb-blockquote\"><div class=\"uagb-blockquote__content\">\u201cLa poesia \u00e9s pintura que parla i la pintura poesia muda\u201d<\/div><footer><div class=\"uagb-blockquote__author-wrap uagb-blockquote__author-at-left\"><cite class=\"uagb-blockquote__author\">Sim\u00f2nides de Ceos<\/cite><\/div><\/footer><\/blockquote><\/div>\n\n\n<style>.wp-block-kadence-image.kb-image76_34f70c-20:not(.kb-specificity-added):not(.kb-extra-specificity-added){margin-top:20px;}.kb-image76_34f70c-20 .kb-image-has-overlay:after{opacity:0.3;}<\/style>\n<figure class=\"wp-block-kadence-image kb-image76_34f70c-20 size-full\"><img loading=\"lazy\" decoding=\"async\" width=\"340\" height=\"512\" src=\"https:\/\/lanipsebooks.com\/wp-content\/uploads\/2022\/12\/IMG_9584.jpg\" alt=\"\" class=\"kb-img wp-image-1126\" srcset=\"https:\/\/lanipsebooks.com\/wp-content\/uploads\/2022\/12\/IMG_9584.jpg 340w, https:\/\/lanipsebooks.com\/wp-content\/uploads\/2022\/12\/IMG_9584-199x300.jpg 199w\" sizes=\"auto, (max-width: 340px) 100vw, 340px\" \/><figcaption><em>Foto cedida per Rita Udina<\/em><\/figcaption><\/figure>\n<\/div>\n<\/div><\/div>\n\n<div class=\"wp-block-uagb-container uagb-block-07bc1618 alignfull uagb-is-root-container\"><div class=\"uagb-container-inner-blocks-wrap\">\n<div class=\"wp-block-uagb-advanced-heading uagb-block-36389b2a\"><h2 class=\"uagb-heading-text\">Dades de contacte<\/h2><\/div>\n\n\n\n<div class=\"wp-block-uagb-container uagb-block-577d9c92\">\n<div class=\"wp-block-uagb-container uagb-block-eceebaf9\"><\/div>\n\n\n\n<div class=\"wp-block-uagb-container uagb-block-7b3fb544\">\n<div class=\"wp-block-uagb-info-box uagb-block-f7ee88e8 uagb-infobox__content-wrap  uagb-infobox-icon-above-title uagb-infobox-image-valign-top\"><div class=\"uagb-ifb-content\"><div class=\"uagb-ifb-icon-wrap\"><div class=\"uagb-iconbox-icon-wrap uagb-infobox-shape-circle\"><svg xmlns=\"https:\/\/www.w3.org\/2000\/svg\" viewbox=\"0 0 512 512\"><path d=\"M464 64C490.5 64 512 85.49 512 112C512 127.1 504.9 141.3 492.8 150.4L275.2 313.6C263.8 322.1 248.2 322.1 236.8 313.6L19.2 150.4C7.113 141.3 0 127.1 0 112C0 85.49 21.49 64 48 64H464zM217.6 339.2C240.4 356.3 271.6 356.3 294.4 339.2L512 176V384C512 419.3 483.3 448 448 448H64C28.65 448 0 419.3 0 384V176L217.6 339.2z\"><\/path><\/svg><\/div><\/div><div class=\"uagb-ifb-title-wrap\"><h3 class=\"uagb-ifb-title\">Mail<\/h3><\/div><p class=\"uagb-ifb-desc\"><a href=\"mailto:info@lanipsebooks.com\">info@lanipsebooks.com<\/a><\/p><\/div><\/div>\n<\/div>\n\n\n\n<div class=\"wp-block-uagb-container uagb-block-928b61be\"><\/div>\n<\/div>\n<\/div><\/div>\n","protected":false},"excerpt":{"rendered":"<p>Contacte A Lanipsebooks ens preocupem a oferir qualsevol llibre d&#8217;artista, edici\u00f3 facs\u00edmil, llibre il\u00b7lustrat, rar o joia bibliogr\u00e0fica que vulgueu. Per aix\u00f2 necessitem que ompli el formulari de contacte indicant artista\/s preferit\/si rebr\u00e0 informaci\u00f3 d&#8217;aquells exemplars disponibles. Si voleu citar algun artista en concret preguem que marqueu la casella \u201caltres\u201d i formuleu un breu comentari [&hellip;]<\/p>\n","protected":false},"author":1,"featured_media":0,"parent":0,"menu_order":0,"comment_status":"closed","ping_status":"closed","template":"","meta":{"_seopress_robots_primary_cat":"","_seopress_titles_title":"","_seopress_titles_desc":"","_seopress_robots_index":"","_uag_custom_page_level_css":"","_kad_blocks_custom_css":"","_kad_blocks_head_custom_js":"","_kad_blocks_body_custom_js":"","_kad_blocks_footer_custom_js":"","site-sidebar-layout":"no-sidebar","site-content-layout":"page-builder","ast-site-content-layout":"full-width-container","site-content-style":"unboxed","site-sidebar-style":"unboxed","ast-global-header-display":"","ast-banner-title-visibility":"","ast-main-header-display":"","ast-hfb-above-header-display":"","ast-hfb-below-header-display":"","ast-hfb-mobile-header-display":"","site-post-title":"disabled","ast-breadcrumbs-content":"","ast-featured-img":"disabled","footer-sml-layout":"","ast-disable-related-posts":"","theme-transparent-header-meta":"","adv-header-id-meta":"","stick-header-meta":"","header-above-stick-meta":"","header-main-stick-meta":"","header-below-stick-meta":"","astra-migrate-meta-layouts":"default","ast-page-background-enabled":"default","ast-page-background-meta":{"desktop":{"background-color":"var(--ast-global-color-4)","background-image":"","background-repeat":"repeat","background-position":"center center","background-size":"auto","background-attachment":"scroll","background-type":"","background-media":"","overlay-type":"","overlay-color":"","overlay-opacity":"","overlay-gradient":""},"tablet":{"background-color":"","background-image":"","background-repeat":"repeat","background-position":"center center","background-size":"auto","background-attachment":"scroll","background-type":"","background-media":"","overlay-type":"","overlay-color":"","overlay-opacity":"","overlay-gradient":""},"mobile":{"background-color":"","background-image":"","background-repeat":"repeat","background-position":"center center","background-size":"auto","background-attachment":"scroll","background-type":"","background-media":"","overlay-type":"","overlay-color":"","overlay-opacity":"","overlay-gradient":""}},"ast-content-background-meta":{"desktop":{"background-color":"var(--ast-global-color-5)","background-image":"","background-repeat":"repeat","background-position":"center center","background-size":"auto","background-attachment":"scroll","background-type":"","background-media":"","overlay-type":"","overlay-color":"","overlay-opacity":"","overlay-gradient":""},"tablet":{"background-color":"var(--ast-global-color-5)","background-image":"","background-repeat":"repeat","background-position":"center center","background-size":"auto","background-attachment":"scroll","background-type":"","background-media":"","overlay-type":"","overlay-color":"","overlay-opacity":"","overlay-gradient":""},"mobile":{"background-color":"var(--ast-global-color-5)","background-image":"","background-repeat":"repeat","background-position":"center center","background-size":"auto","background-attachment":"scroll","background-type":"","background-media":"","overlay-type":"","overlay-color":"","overlay-opacity":"","overlay-gradient":""}},"_vp_format_video_url":"","_vp_image_focal_point":[],"footnotes":""},"class_list":["post-1488","page","type-page","status-publish","hentry"],"taxonomy_info":[],"featured_image_src_large":false,"author_info":{"display_name":"empiezapori","author_link":"https:\/\/lanipsebooks.com\/ca\/author\/empiezapori\/"},"comment_info":0,"uagb_featured_image_src":{"full":false,"thumbnail":false,"medium":false,"medium_large":false,"large":false,"1536x1536":false,"2048x2048":false,"vp_sm":false,"vp_md":false,"vp_lg":false,"vp_xl":false,"vp_sm_popup":false,"vp_md_popup":false,"vp_xl_popup":false},"uagb_author_info":{"display_name":"empiezapori","author_link":"https:\/\/lanipsebooks.com\/ca\/author\/empiezapori\/"},"uagb_comment_info":0,"uagb_excerpt":"Contacte A Lanipsebooks ens preocupem a oferir qualsevol llibre d&#8217;artista, edici\u00f3 facs\u00edmil, llibre il\u00b7lustrat, rar o joia bibliogr\u00e0fica que vulgueu. Per aix\u00f2 necessitem que ompli el formulari de contacte indicant artista\/s preferit\/si rebr\u00e0 informaci\u00f3 d&#8217;aquells exemplars disponibles. Si voleu citar algun artista en concret preguem que marqueu la casella \u201caltres\u201d i formuleu un breu comentari&hellip;","_links":{"self":[{"href":"https:\/\/lanipsebooks.com\/ca\/wp-json\/wp\/v2\/pages\/1488","targetHints":{"allow":["GET"]}}],"collection":[{"href":"https:\/\/lanipsebooks.com\/ca\/wp-json\/wp\/v2\/pages"}],"about":[{"href":"https:\/\/lanipsebooks.com\/ca\/wp-json\/wp\/v2\/types\/page"}],"author":[{"embeddable":true,"href":"https:\/\/lanipsebooks.com\/ca\/wp-json\/wp\/v2\/users\/1"}],"replies":[{"embeddable":true,"href":"https:\/\/lanipsebooks.com\/ca\/wp-json\/wp\/v2\/comments?post=1488"}],"version-history":[{"count":3,"href":"https:\/\/lanipsebooks.com\/ca\/wp-json\/wp\/v2\/pages\/1488\/revisions"}],"predecessor-version":[{"id":1556,"href":"https:\/\/lanipsebooks.com\/ca\/wp-json\/wp\/v2\/pages\/1488\/revisions\/1556"}],"wp:attachment":[{"href":"https:\/\/lanipsebooks.com\/ca\/wp-json\/wp\/v2\/media?parent=1488"}],"curies":[{"name":"wp","href":"https:\/\/api.w.org\/{rel}","templated":true}]}}