{"id":1494,"date":"2022-12-07T17:07:34","date_gmt":"2022-12-07T16:07:34","guid":{"rendered":"https:\/\/lanipsebooks.com\/avis-legal\/"},"modified":"2025-07-16T15:57:34","modified_gmt":"2025-07-16T13:57:34","slug":"avis-legal","status":"publish","type":"page","link":"https:\/\/lanipsebooks.com\/ca\/avis-legal\/","title":{"rendered":"Av\u00eds Legal"},"content":{"rendered":"\n<p>Aquesta p\u00e0gina Web \u00e9s propietat de JUAN ESPINAL (d&#8217;ara endavant LANIPSEBOOKS), amb NIF n\u00ba 38553829X i domicili a Les Piles 11. 08950 Esplugues de Llobregat \u2013 Barcelona.<\/p>\n\n<p>Per a qualsevol consulta o proposta, contacteu-nos a l&#8217;e-mail <a href=\"mailto:info@lanipsebooks.com\">info@lanipsebooks.com<\/a> .<\/p>\n\n<p>Aquesta p\u00e0gina web es regeix per la normativa exclusivament aplicable a Espanya, quedant-hi sotmesa, tant nacionals com estrangers que utilitzin aquesta web.<\/p>\n\n<p>L&#8217;acc\u00e9s a la nostra p\u00e0gina web per part de l&#8217;USUARI \u00e9s gratu\u00eft i el seu \u00fas es regeix per les condicions d&#8217;\u00fas vigents en el moment de l&#8217;acc\u00e9s, que preguem que llegiu detingudament. Si l&#8217;usuari no estigu\u00e9s d&#8217;acord amb les presents condicions d&#8217;\u00fas, s&#8217;haur\u00e0 d&#8217;abstenir d&#8217;utilitzar aquest portal i operar-hi per mitj\u00e0 d&#8217;aquest, podent contactar amb nosaltres perqu\u00e8 us resolguem qualsevol dubte en relaci\u00f3 amb aquestes.<\/p>\n\n<p>El subministrament de dades personals a trav\u00e9s del nostre portal requereix una edat m\u00ednima de 14 anys, o si escau, disposar de capacitat jur\u00eddica suficient per contractar.<\/p>\n\n<p>En qualsevol moment podrem modificar la presentaci\u00f3 i configuraci\u00f3 de la nostra Web, ampliar o reduir serveis, i fins i tot suprimir-la de la Xarxa, aix\u00ed com els serveis i continguts prestats, tot aix\u00f2 de forma unilateral i sense av\u00eds previ.<\/p>\n\n<p><strong>A. PROPIETAT INTEL\u00b7LECTUAL<\/strong><\/p>\n\n<p>Tots els continguts, textos, imatges i codis font s\u00f3n propietat de LANIPSEBOOKS o de tercers als quals s&#8217;han adquirit els seus drets d&#8217;explotaci\u00f3 i estan protegits pels drets de propietat intel\u00b7lectual i industrial.<\/p>\n\n<p>La PERSONA USU\u00c0RIA \u00fanicament t\u00e9 dret a un \u00fas privat dels mateixos, sense \u00e0nim de lucre, i necessita autoritzaci\u00f3 expressa per modificar-los, reproduir-los, explotar-los, distribuir-los o exercir qualsevol dret pertanyent al titular.<\/p>\n\n<p>L&#8217;establiment d&#8217;enlla\u00e7os al nostre portal no hi confereix cap dret. Aix\u00ed mateix, el simple fet destablir un enlla\u00e7 a la nostra p\u00e0gina web no d\u00f3na dret a atorgar-se la categoria de col\u00b7laborador o soci.<\/p>\n\n<p>LANIPSEBOOKS queda exonerat de responsabilitat per qualsevol reclamaci\u00f3 respecte als drets de propietat intel\u00b7lectual dels articles i imatges publicades per tercers al portal.<\/p>\n\n<p>Est\u00e0 absolutament prohibida la imitaci\u00f3 ja sigui total o parcial del nostre portal o lestabliment denlla\u00e7os a la nostra p\u00e0gina web sense lautoritzaci\u00f3 pr\u00e8via de LANIPSEBOOKS.<\/p>\n\n<p><strong>B. CONDICIONS D&#8217;ACC\u00c9S I \u00daS<\/strong><\/p>\n\n<p>L&#8217;acc\u00e9s a la nostra p\u00e0gina web \u00e9s gratu\u00eft i no exigeix subscripci\u00f3 o registre previ. Tot i aix\u00f2, determinats serveis s\u00f3n d&#8217;acc\u00e9s restringit a determinades PERSONES USU\u00c0RIES i requereixen haver realitzat un proc\u00e9s de registre i\/o la identificaci\u00f3 mitjan\u00e7ant contrasenyes. Aquests serveis quedaran degudament identificats a la Web.<\/p>\n\n<p>L&#8217;enviament de dades personals implica l&#8217;acceptaci\u00f3 expressa per part de la PERSONA USU\u00c0RIA de la nostra pol\u00edtica de privadesa.<\/p>\n\n<p>La PERSONA USU\u00c0RIA ha d&#8217;accedir a la nostra p\u00e0gina Web d&#8217;acord amb la bona fe, les normes d&#8217;ordre p\u00fablic i les presents Condicions Generals d&#8217;\u00fas. L&#8217;acc\u00e9s al nostre lloc web es fa sota la pr\u00f2pia i exclusiva responsabilitat de la PERSONA USU\u00c0RIA, que respondr\u00e0 en tot cas dels danys i perjudicis que pugui causar a tercers oa nosaltres mateixos.<\/p>\n\n<p>La PERSONA USU\u00c0RIA t\u00e9 expressament prohibida la utilitzaci\u00f3 i l&#8217;obtenci\u00f3 dels serveis i continguts oferts a la present p\u00e0gina web, per procediments diferents dels estipulats en les presents condicions d&#8217;\u00fas.<\/p>\n\n<p>La PERSONA USU\u00c0RIA t\u00e9 prohibit qualsevol tipus d&#8217;acci\u00f3 sobre el nostre portal que origini una excessiva sobrec\u00e0rrega de funcionament als nostres sistemes inform\u00e0tics, aix\u00ed com la introducci\u00f3 de virus, o instal\u00b7laci\u00f3 de robots, o programari que alteri el funcionament normal del nostre web, o en definitiva pugui causar danys als nostres sistemes inform\u00e0tics.<\/p>\n\n<p>Tenint en compte la dificultat de control respecte a la informaci\u00f3, continguts i serveis que continguin p\u00e0gines web de tercers disponibles des de la nostra p\u00e0gina web, us comuniquem que LANIPSEBOOKS, no se&#8217;n fa responsable, sense perjudici que intentar\u00e0, en la mesura del possible, vetllar per la seva legalitat.<\/p>\n\n<p>LANIPSEBOOKS es reserva el dret a donar de baixa qualsevol PERSONA USU\u00c0RIA que l&#8217;organitzaci\u00f3 entengui que ha vulnerat les condicions que regeixen l&#8217;\u00fas de la nostra p\u00e0gina web. Aix\u00ed mateix, es reserva el dret d&#8217;exercitar les accions legals oportunes contra aquells que vulnerin aquestes condicions generals d&#8217;\u00fas.<\/p>\n\n<p><strong>C. POL\u00cdTICA DE PRIVACITAT<\/strong><\/p>\n\n<p>La confidencialitat i la seguretat s\u00f3n valors primordials de LANIPSEBOOKS i, en conseq\u00fc\u00e8ncia, assumim el comprom\u00eds de garantir la privadesa de la PERSONA USU\u00c0RIA en tot moment i de no demanar informaci\u00f3 innecess\u00e0ria.<\/p>\n\n<p>El subministrament de dades personals a trav\u00e9s del nostre portal requereix una edat m\u00ednima de 14 anys i l&#8217;acceptaci\u00f3 expressa de la nostra Pol\u00edtica de Privadesa.<\/p>\n\n<p><strong>D. RESPONSABILITATS<\/strong><\/p>\n\n<p>En posar a disposici\u00f3 de la PERSONA USU\u00c0RIA aquesta p\u00e0gina web volem oferir-vos un servei de qualitat, utilitzant la m\u00e0xima dilig\u00e8ncia en la prestaci\u00f3 del mateix, aix\u00ed com en els mitjans tecnol\u00f2gics utilitzats. Tot i aix\u00f2, LANIPSEBOOKS no garanteix que la disponibilitat del servei sigui cont\u00ednua i ininterrompuda, per circumst\u00e0ncies originades per problemes a la xarxa d&#8217;Internet, avaries en els dispositius inform\u00e0tics o altres circumst\u00e0ncies imprevisibles, de manera que la PERSONA USU\u00c0RIA accepta suportar dins d&#8217;uns l\u00edmits raonables aquestes circumst\u00e0ncies.<\/p>\n\n<p>Aquesta p\u00e0gina web, excepte all\u00f2 regulat, si escau, per algunes condicions d&#8217;\u00fas espec\u00edfiques, \u00e9s purament informativa i de presentaci\u00f3 corporativa dels nostres productes i serveis, per la qual cosa LANIPSEBOOKS no es responsabilitza per les expectatives de qualsevol tipus que pugui generar la PERSONA USU\u00c0RIA.<\/p>\n\n<p>Tot all\u00f2 referent a la nostra p\u00e0gina web, es regeix exclusivament per les lleis espanyoles. En cas que es produeixi qualsevol tipus de discrep\u00e0ncia o difer\u00e8ncia entre les parts en relaci\u00f3 amb la interpretaci\u00f3 i contingut de la present p\u00e0gina web, totes les parts se sotmeten als Jutjats i Tribunals que legalment corresponguin.<\/p>\n\n<p><strong>E. VIG\u00c8NCIA DE LES CONDICIONS GENERALS D&#8217;ACC\u00c9S A LA WEB<\/strong><\/p>\n\n<p>Aquestes Condicions Generals d&#8217;\u00das han estat modificades amb data 02\/12\/2022. En qualsevol moment podem procedir a la seva modificaci\u00f3: si us plau, comproveu la data d&#8217;emissi\u00f3 en cada ocasi\u00f3 en qu\u00e8 es connecti a la nostra p\u00e0gina web i aix\u00ed tindr\u00e0 la certesa que no s&#8217;ha produ\u00eft cap modificaci\u00f3 que l&#8217;afecti.<\/p>\n\n<p>Per a qualsevol q\u00fcesti\u00f3 respecte a les Condicions d&#8217;\u00das de la nostra p\u00e0gina web, podeu posar-vos en contacte amb nosaltres en les dades a dalt indicades, o amb Lant Advocats a <a href=\"mailto:info@lant-abogados.com\">info@lant-abogados.com<\/a> oa <a href=\"https:\/\/www.lant-abogados.com\/\">https:\/\/www.lant-abogados.com\/<\/a> .<\/p>\n","protected":false},"excerpt":{"rendered":"<p>Aquesta p\u00e0gina Web \u00e9s propietat de JUAN ESPINAL (d&#8217;ara endavant LANIPSEBOOKS), amb NIF n\u00ba 38553829X i domicili a Les Piles 11. 08950 Esplugues de Llobregat \u2013 Barcelona. Per a qualsevol consulta o proposta, contacteu-nos a l&#8217;e-mail info@lanipsebooks.com . Aquesta p\u00e0gina web es regeix per la normativa exclusivament aplicable a Espanya, quedant-hi sotmesa, tant nacionals com [&hellip;]<\/p>\n","protected":false},"author":1,"featured_media":0,"parent":0,"menu_order":0,"comment_status":"closed","ping_status":"closed","template":"","meta":{"_seopress_robots_primary_cat":"","_seopress_titles_title":"","_seopress_titles_desc":"","_seopress_robots_index":"","_uag_custom_page_level_css":"","_kad_blocks_custom_css":"","_kad_blocks_head_custom_js":"","_kad_blocks_body_custom_js":"","_kad_blocks_footer_custom_js":"","site-sidebar-layout":"no-sidebar","site-content-layout":"boxed-container","ast-site-content-layout":"default","site-content-style":"default","site-sidebar-style":"default","ast-global-header-display":"","ast-banner-title-visibility":"","ast-main-header-display":"","ast-hfb-above-header-display":"","ast-hfb-below-header-display":"","ast-hfb-mobile-header-display":"","site-post-title":"","ast-breadcrumbs-content":"","ast-featured-img":"","footer-sml-layout":"","ast-disable-related-posts":"","theme-transparent-header-meta":"","adv-header-id-meta":"","stick-header-meta":"","header-above-stick-meta":"","header-main-stick-meta":"","header-below-stick-meta":"","astra-migrate-meta-layouts":"default","ast-page-background-enabled":"default","ast-page-background-meta":{"desktop":{"background-color":"var(--ast-global-color-4)","background-image":"","background-repeat":"repeat","background-position":"center center","background-size":"auto","background-attachment":"scroll","background-type":"","background-media":"","overlay-type":"","overlay-color":"","overlay-opacity":"","overlay-gradient":""},"tablet":{"background-color":"","background-image":"","background-repeat":"repeat","background-position":"center center","background-size":"auto","background-attachment":"scroll","background-type":"","background-media":"","overlay-type":"","overlay-color":"","overlay-opacity":"","overlay-gradient":""},"mobile":{"background-color":"","background-image":"","background-repeat":"repeat","background-position":"center center","background-size":"auto","background-attachment":"scroll","background-type":"","background-media":"","overlay-type":"","overlay-color":"","overlay-opacity":"","overlay-gradient":""}},"ast-content-background-meta":{"desktop":{"background-color":"var(--ast-global-color-5)","background-image":"","background-repeat":"repeat","background-position":"center center","background-size":"auto","background-attachment":"scroll","background-type":"","background-media":"","overlay-type":"","overlay-color":"","overlay-opacity":"","overlay-gradient":""},"tablet":{"background-color":"var(--ast-global-color-5)","background-image":"","background-repeat":"repeat","background-position":"center center","background-size":"auto","background-attachment":"scroll","background-type":"","background-media":"","overlay-type":"","overlay-color":"","overlay-opacity":"","overlay-gradient":""},"mobile":{"background-color":"var(--ast-global-color-5)","background-image":"","background-repeat":"repeat","background-position":"center center","background-size":"auto","background-attachment":"scroll","background-type":"","background-media":"","overlay-type":"","overlay-color":"","overlay-opacity":"","overlay-gradient":""}},"_vp_format_video_url":"","_vp_image_focal_point":[],"footnotes":""},"class_list":["post-1494","page","type-page","status-publish","hentry"],"taxonomy_info":[],"featured_image_src_large":false,"author_info":{"display_name":"empiezapori","author_link":"https:\/\/lanipsebooks.com\/ca\/author\/empiezapori\/"},"comment_info":0,"uagb_featured_image_src":{"full":false,"thumbnail":false,"medium":false,"medium_large":false,"large":false,"1536x1536":false,"2048x2048":false,"vp_sm":false,"vp_md":false,"vp_lg":false,"vp_xl":false,"vp_sm_popup":false,"vp_md_popup":false,"vp_xl_popup":false},"uagb_author_info":{"display_name":"empiezapori","author_link":"https:\/\/lanipsebooks.com\/ca\/author\/empiezapori\/"},"uagb_comment_info":0,"uagb_excerpt":"Aquesta p\u00e0gina Web \u00e9s propietat de JUAN ESPINAL (d&#8217;ara endavant LANIPSEBOOKS), amb NIF n\u00ba 38553829X i domicili a Les Piles 11. 08950 Esplugues de Llobregat \u2013 Barcelona. Per a qualsevol consulta o proposta, contacteu-nos a l&#8217;e-mail info@lanipsebooks.com . Aquesta p\u00e0gina web es regeix per la normativa exclusivament aplicable a Espanya, quedant-hi sotmesa, tant nacionals com&hellip;","_links":{"self":[{"href":"https:\/\/lanipsebooks.com\/ca\/wp-json\/wp\/v2\/pages\/1494","targetHints":{"allow":["GET"]}}],"collection":[{"href":"https:\/\/lanipsebooks.com\/ca\/wp-json\/wp\/v2\/pages"}],"about":[{"href":"https:\/\/lanipsebooks.com\/ca\/wp-json\/wp\/v2\/types\/page"}],"author":[{"embeddable":true,"href":"https:\/\/lanipsebooks.com\/ca\/wp-json\/wp\/v2\/users\/1"}],"replies":[{"embeddable":true,"href":"https:\/\/lanipsebooks.com\/ca\/wp-json\/wp\/v2\/comments?post=1494"}],"version-history":[{"count":1,"href":"https:\/\/lanipsebooks.com\/ca\/wp-json\/wp\/v2\/pages\/1494\/revisions"}],"predecessor-version":[{"id":1495,"href":"https:\/\/lanipsebooks.com\/ca\/wp-json\/wp\/v2\/pages\/1494\/revisions\/1495"}],"wp:attachment":[{"href":"https:\/\/lanipsebooks.com\/ca\/wp-json\/wp\/v2\/media?parent=1494"}],"curies":[{"name":"wp","href":"https:\/\/api.w.org\/{rel}","templated":true}]}}