{"id":1496,"date":"2022-12-09T12:47:34","date_gmt":"2022-12-09T11:47:34","guid":{"rendered":"https:\/\/lanipsebooks.com\/politica-de-privadesa\/"},"modified":"2025-07-16T15:57:35","modified_gmt":"2025-07-16T13:57:35","slug":"politica-de-privadesa","status":"publish","type":"page","link":"https:\/\/lanipsebooks.com\/ca\/politica-de-privadesa\/","title":{"rendered":"Pol\u00edtica de Privadesa"},"content":{"rendered":"\n<p>POL\u00cdTICA DE PRIVACITAT<\/p>\n\n<p>La confidencialitat i la seguretat s\u00f3n valors primordials de LANIPSEBOOKS i, en conseq\u00fc\u00e8ncia, assumim el comprom\u00eds de garantir la privadesa de l&#8217;Usuari en tot moment i de no demanar informaci\u00f3 innecess\u00e0ria. A continuaci\u00f3, us proporcionem tota la informaci\u00f3 necess\u00e0ria sobre la nostra Pol\u00edtica de Privadesa en relaci\u00f3 amb les dades personals que recaptem, explicant-vos: <\/p>\n\n<ul class=\"wp-block-list\">\n<li>Qui \u00e9s el responsable del tractament de les vostres dades.<\/li>\n\n\n\n<li>Per a quines finalitats demanem les dades que us sol\u00b7licitem.<\/li>\n\n\n\n<li>Quina \u00e9s la legitimaci\u00f3 per al tractament.<\/li>\n\n\n\n<li>Durant quant de temps els conservem.<\/li>\n\n\n\n<li>A quins destinataris es comuniquen les vostres dades.<\/li>\n\n\n\n<li>Quins s\u00f3n els vostres drets.<\/li>\n\n\n\n<li><strong>Responsable<\/strong> :<\/li>\n<\/ul>\n\n<p>JOAN ESPINAL 38553829X<br\/> Les Piles 11. 08950 Esplugues de Llobregat &#8211; Barcelona <br\/><a href=\"mailto:info@lanipsebooks.com\">info@lanipsebooks.com<\/a><\/p>\n\n<ul class=\"wp-block-list\">\n<li><strong>Finalitats, legitimaci\u00f3 i conservaci\u00f3 dels tractaments de les dades enviades a trav\u00e9s de<\/strong> :<\/li>\n\n\n\n<li>FORMULARI DE CONTACTE.<\/li>\n<\/ul>\n\n<p><strong>Finalitat:<\/strong> Facilitar-vos un mitj\u00e0 perqu\u00e8 pugueu posar-vos en contacte i contestar les vostres sol\u00b7licituds d&#8217;informaci\u00f3, aix\u00ed com enviar-vos comunicacions dels nostres productes i serveis, inclusivament per mitjans electr\u00f2nics, si marqueu la casella d&#8217;acceptaci\u00f3.<\/p>\n\n<p><strong>Legitimaci\u00f3:<\/strong> El consentiment de l&#8217;usuari en sol\u00b7licitar-nos informaci\u00f3 a trav\u00e9s del nostre formulari de contacte i marcar la casella d&#8217;acceptaci\u00f3 d&#8217;enviament d&#8217;informaci\u00f3.<\/p>\n\n<p><strong>Conservaci\u00f3:<\/strong> Fins una vegada resolta la vostra sol\u00b7licitud per mitj\u00e0 del nostre formulari o contestada per correu electr\u00f2nic, si no ha generat un nou tractament. En cas d&#8217;haver acceptat rebre enviaments comercials, fins que sol\u00b7licite la baixa. <\/p>\n\n<ul class=\"wp-block-list\">\n<li>ENVIAMENT DE CORREUS ELECTR\u00d2NICS.<\/li>\n<\/ul>\n\n<p><strong>Finalitat:<\/strong> Contestar les vostres sol\u00b7licituds d&#8217;informaci\u00f3, atendre les vostres peticions i respondre les vostres consultes o dubtes.  <\/p>\n\n<p><strong>Legitimaci\u00f3:<\/strong> El consentiment de l&#8217;usuari en sol\u00b7licitar-nos informaci\u00f3 a trav\u00e9s de l&#8217;adre\u00e7a electr\u00f2nica.<\/p>\n\n<p><strong>Conservaci\u00f3:<\/strong> Fins una vegada contestada la vostra petici\u00f3 per correu electr\u00f2nic, si no heu generat un nou tractament.<\/p>\n\n<p><strong>Obligaci\u00f3 de facilitar-nos les vostres dades personals i conseq\u00fc\u00e8ncies de no fer-ho.<\/strong><\/p>\n\n<p>El subministrament de dades personals requereix una edat m\u00ednima de 14 anys, o si escau, disposar de capacitat jur\u00eddica suficient per contractar.<\/p>\n\n<p>Les dades personals sol\u00b7licitades s\u00f3n necess\u00e0ries per gestionar les seves sol\u00b7licituds i\/o prestar-li els serveis que pugui contractar, per la qual cosa, si no ens les facilita, no podrem atendre&#8217;l correctament ni prestar-li el servei que ha sol\u00b7licitat.<\/p>\n\n<ul class=\"wp-block-list\">\n<li><strong>Destinataris de les vostres dades<\/strong><\/li>\n<\/ul>\n\n<p>Les vostres dades s\u00f3n confidencials i no se cediran a tercers, llevat que hi hagi obligaci\u00f3 legal.<\/p>\n\n<ul class=\"wp-block-list\">\n<li><strong>Drets en relaci\u00f3 amb les vostres dades personals<\/strong><\/li>\n<\/ul>\n\n<p>Qualsevol persona pot retirar el seu consentiment en qualsevol moment, quan aquest s&#8217;hagi atorgat per al tractament de les dades. En cap cas, la retirada daquest consentiment condiciona lexecuci\u00f3 del contracte de subscripci\u00f3 o les relacions generades amb anterioritat. <\/p>\n\n<p>Igualment, pot exercir els drets seg\u00fcents:<\/p>\n\n<p>On i com sol\u00b7licitar els seus Drets: Mitjan\u00e7ant un escrit dirigit al responsable a la seva adre\u00e7a postal o electr\u00f2nica (indicades a l&#8217;apartat A), indicant la refer\u00e8ncia \u201cDades Personals\u201d, especificant el dret que es vol exercir i respecte a quines dades personals.<\/p>\n\n<p>En cas de diverg\u00e8ncies amb l&#8217;empresa en relaci\u00f3 amb el tractament de les vostres dades, podeu presentar una reclamaci\u00f3 davant l&#8217;Autoritat de Protecci\u00f3 de Dades ( <a href=\"http:\/\/www.agpd.es\/\">www.agpd.es<\/a> ).<\/p>\n\n<ul class=\"wp-block-list\">\n<li><strong>Cookies<\/strong><\/li>\n<\/ul>\n\n<p>Aquesta p\u00e0gina web nom\u00e9s utilitza cookies t\u00e8cniques i de personalitzaci\u00f3 de sessi\u00f3, que en cap cas tracten dades de car\u00e0cter personal ni capten h\u00e0bits de navegaci\u00f3 per a fins estad\u00edstiques o publicit\u00e0ries, per aix\u00f2, no es requereix, d&#8217;acord amb l&#8217;article 22 de la Llei de Serveis de la Societat de la Informaci\u00f3, el consentiment per a la instal\u00b7laci\u00f3 temporal durant la sessi\u00f3 de navegaci\u00f3.<\/p>\n\n<ul class=\"wp-block-list\">\n<li><strong>Seguretat de les vostres dades personals<\/strong><\/li>\n<\/ul>\n\n<p>Amb l&#8217;objectiu de salvaguardar la seguretat de les vostres dades personals, us informem que hem adoptat totes les mesures d&#8217;\u00edndole t\u00e8cnica i organitzativa necess\u00e0ries per garantir la seguretat de les dades personals subministrades de la vostra alteraci\u00f3, p\u00e8rdua, i tractaments o accessos no autoritzats.<\/p>\n\n<ul class=\"wp-block-list\">\n<li><strong>Actualitzaci\u00f3 de les vostres dades<\/strong><\/li>\n<\/ul>\n\n<p>\u00c9s important que perqu\u00e8 puguem mantenir les seves dades personals actualitzades, ens informi sempre que hi hagi hagut alguna modificaci\u00f3, en cas contrari, no responem de la seva veracitat.<\/p>\n\n<p>No ens fem responsables de la pol\u00edtica de privadesa respecte a les dades personals que pugui facilitar a tercers per mitj\u00e0 dels enlla\u00e7os disponibles a la nostra p\u00e0gina web.<\/p>\n\n<p>Aquesta Pol\u00edtica de Privadesa pot ser modificada per adaptar-les als canvis que es produeixi a la nostra web, aix\u00ed com modificacions legislatives o jurisprudencials sobre dades personals que vagin apareixent, per la qual cosa exigeix la seva lectura, cada vegada que ens faciliti les seves dades a trav\u00e9s d&#8217;aquesta Web.<\/p>\n","protected":false},"excerpt":{"rendered":"<p>POL\u00cdTICA DE PRIVACITAT La confidencialitat i la seguretat s\u00f3n valors primordials de LANIPSEBOOKS i, en conseq\u00fc\u00e8ncia, assumim el comprom\u00eds de garantir la privadesa de l&#8217;Usuari en tot moment i de no demanar informaci\u00f3 innecess\u00e0ria. A continuaci\u00f3, us proporcionem tota la informaci\u00f3 necess\u00e0ria sobre la nostra Pol\u00edtica de Privadesa en relaci\u00f3 amb les dades personals que [&hellip;]<\/p>\n","protected":false},"author":1,"featured_media":0,"parent":0,"menu_order":0,"comment_status":"closed","ping_status":"closed","template":"","meta":{"_seopress_robots_primary_cat":"","_seopress_titles_title":"","_seopress_titles_desc":"","_seopress_robots_index":"","_uag_custom_page_level_css":"","_kad_blocks_custom_css":"","_kad_blocks_head_custom_js":"","_kad_blocks_body_custom_js":"","_kad_blocks_footer_custom_js":"","site-sidebar-layout":"no-sidebar","site-content-layout":"boxed-container","ast-site-content-layout":"default","site-content-style":"default","site-sidebar-style":"default","ast-global-header-display":"","ast-banner-title-visibility":"","ast-main-header-display":"","ast-hfb-above-header-display":"","ast-hfb-below-header-display":"","ast-hfb-mobile-header-display":"","site-post-title":"","ast-breadcrumbs-content":"","ast-featured-img":"","footer-sml-layout":"","ast-disable-related-posts":"","theme-transparent-header-meta":"","adv-header-id-meta":"","stick-header-meta":"","header-above-stick-meta":"","header-main-stick-meta":"","header-below-stick-meta":"","astra-migrate-meta-layouts":"default","ast-page-background-enabled":"default","ast-page-background-meta":{"desktop":{"background-color":"var(--ast-global-color-4)","background-image":"","background-repeat":"repeat","background-position":"center center","background-size":"auto","background-attachment":"scroll","background-type":"","background-media":"","overlay-type":"","overlay-color":"","overlay-opacity":"","overlay-gradient":""},"tablet":{"background-color":"","background-image":"","background-repeat":"repeat","background-position":"center center","background-size":"auto","background-attachment":"scroll","background-type":"","background-media":"","overlay-type":"","overlay-color":"","overlay-opacity":"","overlay-gradient":""},"mobile":{"background-color":"","background-image":"","background-repeat":"repeat","background-position":"center center","background-size":"auto","background-attachment":"scroll","background-type":"","background-media":"","overlay-type":"","overlay-color":"","overlay-opacity":"","overlay-gradient":""}},"ast-content-background-meta":{"desktop":{"background-color":"var(--ast-global-color-5)","background-image":"","background-repeat":"repeat","background-position":"center center","background-size":"auto","background-attachment":"scroll","background-type":"","background-media":"","overlay-type":"","overlay-color":"","overlay-opacity":"","overlay-gradient":""},"tablet":{"background-color":"var(--ast-global-color-5)","background-image":"","background-repeat":"repeat","background-position":"center center","background-size":"auto","background-attachment":"scroll","background-type":"","background-media":"","overlay-type":"","overlay-color":"","overlay-opacity":"","overlay-gradient":""},"mobile":{"background-color":"var(--ast-global-color-5)","background-image":"","background-repeat":"repeat","background-position":"center center","background-size":"auto","background-attachment":"scroll","background-type":"","background-media":"","overlay-type":"","overlay-color":"","overlay-opacity":"","overlay-gradient":""}},"_vp_format_video_url":"","_vp_image_focal_point":[],"footnotes":""},"class_list":["post-1496","page","type-page","status-publish","hentry"],"taxonomy_info":[],"featured_image_src_large":false,"author_info":{"display_name":"empiezapori","author_link":"https:\/\/lanipsebooks.com\/ca\/author\/empiezapori\/"},"comment_info":0,"uagb_featured_image_src":{"full":false,"thumbnail":false,"medium":false,"medium_large":false,"large":false,"1536x1536":false,"2048x2048":false,"vp_sm":false,"vp_md":false,"vp_lg":false,"vp_xl":false,"vp_sm_popup":false,"vp_md_popup":false,"vp_xl_popup":false},"uagb_author_info":{"display_name":"empiezapori","author_link":"https:\/\/lanipsebooks.com\/ca\/author\/empiezapori\/"},"uagb_comment_info":0,"uagb_excerpt":"POL\u00cdTICA DE PRIVACITAT La confidencialitat i la seguretat s\u00f3n valors primordials de LANIPSEBOOKS i, en conseq\u00fc\u00e8ncia, assumim el comprom\u00eds de garantir la privadesa de l&#8217;Usuari en tot moment i de no demanar informaci\u00f3 innecess\u00e0ria. A continuaci\u00f3, us proporcionem tota la informaci\u00f3 necess\u00e0ria sobre la nostra Pol\u00edtica de Privadesa en relaci\u00f3 amb les dades personals que&hellip;","_links":{"self":[{"href":"https:\/\/lanipsebooks.com\/ca\/wp-json\/wp\/v2\/pages\/1496","targetHints":{"allow":["GET"]}}],"collection":[{"href":"https:\/\/lanipsebooks.com\/ca\/wp-json\/wp\/v2\/pages"}],"about":[{"href":"https:\/\/lanipsebooks.com\/ca\/wp-json\/wp\/v2\/types\/page"}],"author":[{"embeddable":true,"href":"https:\/\/lanipsebooks.com\/ca\/wp-json\/wp\/v2\/users\/1"}],"replies":[{"embeddable":true,"href":"https:\/\/lanipsebooks.com\/ca\/wp-json\/wp\/v2\/comments?post=1496"}],"version-history":[{"count":1,"href":"https:\/\/lanipsebooks.com\/ca\/wp-json\/wp\/v2\/pages\/1496\/revisions"}],"predecessor-version":[{"id":1497,"href":"https:\/\/lanipsebooks.com\/ca\/wp-json\/wp\/v2\/pages\/1496\/revisions\/1497"}],"wp:attachment":[{"href":"https:\/\/lanipsebooks.com\/ca\/wp-json\/wp\/v2\/media?parent=1496"}],"curies":[{"name":"wp","href":"https:\/\/api.w.org\/{rel}","templated":true}]}}